{"id":423,"date":"2019-11-07T11:06:39","date_gmt":"2019-11-07T10:06:39","guid":{"rendered":"http:\/\/angelic.novae.website\/?page_id=423"},"modified":"2025-01-04T15:13:46","modified_gmt":"2025-01-04T14:13:46","slug":"habitaciones","status":"publish","type":"page","link":"https:\/\/www.hotel-angelic.com\/es\/habitaciones\/","title":{"rendered":"Habitaciones"},"content":{"rendered":"<div class=\"wpb-content-wrapper\"><p>[vc_row full_width=\u00bbstretch_row_content_no_spaces\u00bb overflow=\u00bbdefault\u00bb css=\u00bb.vc_custom_1733756693868{padding-top: 175px !important;padding-bottom: 50px !important;background-image: url(https:\/\/www.hotel-angelic.com\/wp-content\/uploads\/2019\/10\/Background-provisoir.jpg?id=295) !important;background-position: center !important;background-repeat: no-repeat !important;background-size: cover !important;}\u00bb][vc_column][vc_text_separator title=\u00bbHabitaciones\u00bb color=\u00bbwhite\u00bb border_width=\u00bb2&#8243; el_width=\u00bb50&#8243; el_class=\u00bbtitle\u00bb][\/vc_column][\/vc_row][vc_row full_width=\u00bbstretch_row_content\u00bb equal_height=\u00bbyes\u00bb content_placement=\u00bbmiddle\u00bb overflow=\u00bbdefault\u00bb el_id=\u00bbsingle\u00bb][vc_column width=\u00bb1\/2&#8243; overflow=\u00bbdefault\u00bb css=\u00bb.vc_custom_1571134246525{padding: 7% !important;background-color: #9c1e1e !important;}\u00bb][vc_gallery type=\u00bbflexslider_slide\u00bb interval=\u00bb3&#8243; images=\u00bb1635,1630,909,934&#8243; img_size=\u00bb707&#215;470&#8243;][\/vc_column][vc_column width=\u00bb1\/2&#8243; overflow=\u00bbdefault\u00bb css=\u00bb.vc_custom_1571133779166{padding-top: 7% !important;padding-right: 7% !important;padding-bottom: 7% !important;padding-left: 7% !important;}\u00bb][vc_text_separator title=\u00bbHabitacion individual\u00bb title_align=\u00bbseparator_align_left\u00bb align=\u00bbalign_left\u00bb color=\u00bbcustom\u00bb border_width=\u00bb2&#8243; accent_color=\u00bb#9c1e1e\u00bb el_class=\u00bbsubtitle\u00bb][vc_column_text]Accesibles por tres ascensores, <strong>todas nuestras habitaciones est\u00e1n insonorizadas y climatizadas<\/strong>. Est\u00e1n equipadas con <strong>suelos de madera<\/strong>, escritorio, cuarto de ba\u00f1o con ducha o ba\u00f1era completa con art\u00edculos de aseo, secador de pelo, aseo privado, TV por cable de pantalla plana y servicio de despertador.<\/p>\n<p><strong>Hay conexi\u00f3n Wi-Fi<\/strong> gratuita.<\/p>\n<p><strong>Superficie de la habitaci\u00f3n<\/strong>: 15 m\u00b2<\/p>\n<p><strong>Tipo de cama: 1 cama individual<\/strong>[\/vc_column_text][vc_raw_html]JTNDZGl2JTIwaWQlM0QlMjJidG4tcmVzJTIyJTNFJTBBJTNDYSUyMG9uY2xpY2slM0QlMjJyZXNlcnZlckNoYW1icmVTJTI4JTI5JTNCJTIyJTIwY2xhc3MlM0QlMjJsaW5rLXJlcyUyMiUzRVJlc2VydmFyJTIwdW5hJTIwaGFiaXRhY2lvbmVzJTNDJTJGYSUzRSUwQSUzQyUyRmRpdiUzRSUwQSUzQ3NjcmlwdCUyMHR5cGUlM0QlMjJ0ZXh0JTJGamF2YXNjcmlwdCUyMiUzRSUwQWZ1bmN0aW9uJTIwcmVzZXJ2ZXJDaGFtYnJlUyUyOCUyOSU3QiUwQWRvY3VtZW50LmdldEVsZW1lbnRCeUlkJTI4JTIyYm9va2luZy1lbmdpbmVBbHQlMjIlMjkuc3R5bGUuYm90dG9tJTIwJTNEJTIwJTIyMHB4JTIyJTNCJTBBZG9jdW1lbnQuZ2V0RWxlbWVudEJ5SWQlMjglMjJib29raW5nLWVuZ2luZUFsdCUyMiUyOS5zdHlsZS52aXNpYmlsaXR5JTIwJTNEJTIwJTIydmlzaWJsZSUyMiUzQiUwQWRvY3VtZW50LmdldEVsZW1lbnRCeUlkJTI4JTIyY2FsQWx0JTIyJTI5LnN0eWxlLm9wYWNpdHklMjAlM0QlMjAlMjIwJTIyJTNCJTBBZG9jdW1lbnQuZ2V0RWxlbWVudEJ5SWQlMjglMjJjYWxBbHQlMjIlMjkuc3R5bGUuYm90dG9tJTIwJTNEJTIwJTIyLTIwMHB4JTIyJTNCJTBBJTdEJTBBJTNDJTJGc2NyaXB0JTNF[\/vc_raw_html][\/vc_column][\/vc_row][vc_row full_width=\u00bbstretch_row_content\u00bb equal_height=\u00bbyes\u00bb content_placement=\u00bbmiddle\u00bb overflow=\u00bbdefault\u00bb el_id=\u00bbdouble\u00bb][vc_column width=\u00bb1\/2&#8243; overflow=\u00bbdefault\u00bb css=\u00bb.vc_custom_1571133779166{padding-top: 7% !important;padding-right: 7% !important;padding-bottom: 7% !important;padding-left: 7% !important;}\u00bb][vc_text_separator title=\u00bbHabitacion dobl\u00e9 1 o 2 camas\u00bb title_align=\u00bbseparator_align_left\u00bb align=\u00bbalign_left\u00bb color=\u00bbcustom\u00bb border_width=\u00bb2&#8243; accent_color=\u00bb#9c1e1e\u00bb el_class=\u00bbsubtitle\u00bb][vc_column_text]Accesibles por tres ascensores, <strong>todas nuestras habitaciones est\u00e1n insonorizadas y climatizadas<\/strong>. Est\u00e1n equipadas con s<strong>uelos de madera<\/strong>, escritorio, cuarto de ba\u00f1o con ducha o ba\u00f1era completa con art\u00edculos de aseo, secador de pelo, aseo privado, TV por cable de pantalla plana y servicio de despertador.<\/p>\n<p><strong>Hay conexi\u00f3n Wi-Fi<\/strong> gratuita.<\/p>\n<p><strong>Superficie de\u00a0la habitaci\u00f3n:<\/strong>\u00a020 m\u00b2<\/p>\n<p><strong>Tipo de cama: 2 camas individuales o 1 cama doble<\/strong>[\/vc_column_text][vc_raw_html]JTNDZGl2JTIwaWQlM0QlMjJidG4tcmVzJTIyJTNFJTBBJTNDYSUyMG9uY2xpY2slM0QlMjJyZXNlcnZlckNoYW1icmVEJTI4JTI5JTNCJTIyJTIwY2xhc3MlM0QlMjJsaW5rLXJlcyUyMiUzRVJlc2VydmFyJTIwdW5hJTIwaGFiaXRhY2lvbiUzQyUyRmElM0UlMEElM0MlMkZkaXYlM0UlMEElM0NzY3JpcHQlMjB0eXBlJTNEJTIydGV4dCUyRmphdmFzY3JpcHQlMjIlM0UlMEFmdW5jdGlvbiUyMHJlc2VydmVyQ2hhbWJyZUQlMjglMjklMjAlN0IlMEFkb2N1bWVudC5nZXRFbGVtZW50QnlJZCUyOCUyMmJvb2tpbmctZW5naW5lQWx0JTIyJTI5LnN0eWxlLmJvdHRvbSUyMCUzRCUyMCUyMjBweCUyMiUzQiUwQWRvY3VtZW50LmdldEVsZW1lbnRCeUlkJTI4JTIyYm9va2luZy1lbmdpbmVBbHQlMjIlMjkuc3R5bGUudmlzaWJpbGl0eSUyMCUzRCUyMCUyMnZpc2libGUlMjIlM0IlMEFkb2N1bWVudC5nZXRFbGVtZW50QnlJZCUyOCUyMmNhbEFsdCUyMiUyOS5zdHlsZS5vcGFjaXR5JTIwJTNEJTIwJTIyMCUyMiUzQiUwQWRvY3VtZW50LmdldEVsZW1lbnRCeUlkJTI4JTIyY2FsQWx0JTIyJTI5LnN0eWxlLmJvdHRvbSUyMCUzRCUyMCUyMi0yMDBweCUyMiUzQiUwQSU3RCUwQSUzQyUyRnNjcmlwdCUzRQ==[\/vc_raw_html][\/vc_column][vc_column width=\u00bb1\/2&#8243; overflow=\u00bbdefault\u00bb css=\u00bb.vc_custom_1571134246525{padding: 7% !important;background-color: #9c1e1e !important;}\u00bb][vc_gallery type=\u00bbflexslider_slide\u00bb interval=\u00bb3&#8243; images=\u00bb1657,1651,1673,1668,1662,1646,1641,909,934&#8243; img_size=\u00bb707&#215;470&#8243;][\/vc_column][\/vc_row][vc_row full_width=\u00bbstretch_row_content\u00bb equal_height=\u00bbyes\u00bb content_placement=\u00bbmiddle\u00bb overflow=\u00bbdefault\u00bb el_id=\u00bbtriple\u00bb][vc_column width=\u00bb1\/2&#8243; overflow=\u00bbdefault\u00bb css=\u00bb.vc_custom_1571134246525{padding: 7% !important;background-color: #9c1e1e !important;}\u00bb][vc_gallery type=\u00bbflexslider_slide\u00bb interval=\u00bb3&#8243; images=\u00bb1686,1696,1673,1668,1701,1691,1681,929,924,934&#8243; img_size=\u00bb707&#215;470&#8243;][\/vc_column][vc_column width=\u00bb1\/2&#8243; overflow=\u00bbdefault\u00bb css=\u00bb.vc_custom_1571133779166{padding-top: 7% !important;padding-right: 7% !important;padding-bottom: 7% !important;padding-left: 7% !important;}\u00bb][vc_text_separator title=\u00bbHabitacion 3 personas\u00bb title_align=\u00bbseparator_align_left\u00bb align=\u00bbalign_left\u00bb color=\u00bbcustom\u00bb border_width=\u00bb2&#8243; accent_color=\u00bb#9c1e1e\u00bb el_class=\u00bbsubtitle\u00bb][vc_column_text]Accesibles por tres ascensores, <strong>todas nuestras habitaciones est\u00e1n insonorizadas y climatizadas<\/strong>. Est\u00e1n equipadas con <strong>suelos de madera<\/strong>, escritorio, cuarto de ba\u00f1o con ducha o ba\u00f1era completa con art\u00edculos de aseo, secador de pelo, aseo privado, TV por cable de pantalla plana y servicio de despertador.<\/p>\n<p><strong>Hay conexi\u00f3n Wi-Fi<\/strong> gratuita.<\/p>\n<p><strong>Superficie de la habitaci\u00f3n<\/strong>: 25 m\u00b2<\/p>\n<p><strong>Tipo de cama: 3 camas individuales o 1 cama individual, 1 cama doble.<\/strong>[\/vc_column_text][vc_raw_html]JTNDZGl2JTIwaWQlM0QlMjJidG4tcmVzJTIyJTNFJTBBJTNDYSUyMG9uY2xpY2slM0QlMjJyZXNlcnZlckNoYW1icmVUJTI4JTI5JTNCJTIyJTIwY2xhc3MlM0QlMjJsaW5rLXJlcyUyMiUzRVJlc2VydmFyJTIwdW5hJTIwaGFiaXRhY2lvbiUzQyUyRmElM0UlMEElM0MlMkZkaXYlM0UlMEElM0NzY3JpcHQlMjB0eXBlJTNEJTIydGV4dCUyRmphdmFzY3JpcHQlMjIlM0UlMEFmdW5jdGlvbiUyMHJlc2VydmVyQ2hhbWJyZVQlMjglMjklMjAlN0IlMEFkb2N1bWVudC5nZXRFbGVtZW50QnlJZCUyOCUyMmJvb2tpbmctZW5naW5lQWx0JTIyJTI5LnN0eWxlLmJvdHRvbSUyMCUzRCUyMCUyMjBweCUyMiUzQiUwQWRvY3VtZW50LmdldEVsZW1lbnRCeUlkJTI4JTIyYm9va2luZy1lbmdpbmVBbHQlMjIlMjkuc3R5bGUudmlzaWJpbGl0eSUyMCUzRCUyMCUyMnZpc2libGUlMjIlM0IlMEFkb2N1bWVudC5nZXRFbGVtZW50QnlJZCUyOCUyMmNhbEFsdCUyMiUyOS5zdHlsZS5vcGFjaXR5JTIwJTNEJTIwJTIyMCUyMiUzQiUwQWRvY3VtZW50LmdldEVsZW1lbnRCeUlkJTI4JTIyY2FsQWx0JTIyJTI5LnN0eWxlLmJvdHRvbSUyMCUzRCUyMCUyMi0yMDBweCUyMiUzQiUwQSU3RCUwQSUzQyUyRnNjcmlwdCUzRQ==[\/vc_raw_html][\/vc_column][\/vc_row][vc_row full_width=\u00bbstretch_row_content\u00bb equal_height=\u00bbyes\u00bb content_placement=\u00bbmiddle\u00bb overflow=\u00bbdefault\u00bb el_id=\u00bbquadruple\u00bb][vc_column width=\u00bb1\/2&#8243; overflow=\u00bbdefault\u00bb css=\u00bb.vc_custom_1571133779166{padding-top: 7% !important;padding-right: 7% !important;padding-bottom: 7% !important;padding-left: 7% !important;}\u00bb][vc_text_separator title=\u00bbHabitacion 4 personas\u00bb title_align=\u00bbseparator_align_left\u00bb align=\u00bbalign_left\u00bb color=\u00bbcustom\u00bb border_width=\u00bb2&#8243; accent_color=\u00bb#9c1e1e\u00bb el_class=\u00bbsubtitle\u00bb][vc_column_text]Accesibles por tres ascensores, <strong>todas nuestras habitaciones est\u00e1n insonorizadas y climatizadas.<\/strong> Est\u00e1n equipadas con <strong>suelos de madera<\/strong>, escritorio, cuarto de ba\u00f1o con ducha o ba\u00f1era completa con art\u00edculos de aseo, secador de pelo, aseo privado, TV por cable de pantalla plana y servicio de despertador.<\/p>\n<p><strong>Hay conexi\u00f3n Wi-Fi<\/strong> gratuita.<\/p>\n<p><strong>Superficie de la habitaci\u00f3n<\/strong>: 30 m\u00b2<\/p>\n<p><strong>Tipo de cama: 4 camas individuales o 2 camas individuales, 1 cama doble.<\/strong>[\/vc_column_text][vc_raw_html]JTNDZGl2JTIwaWQlM0QlMjJidG4tcmVzJTIyJTNFJTBBJTNDYSUyMG9uY2xpY2slM0QlMjJyZXNlcnZlckNoYW1icmVRJTI4JTI5JTNCJTIyJTIwY2xhc3MlM0QlMjJsaW5rLXJlcyUyMiUzRVJlc2VydmFyJTIwdW5hJTIwaGFiaXRhY2lvbiUzQyUyRmElM0UlMEElM0MlMkZkaXYlM0UlMEElM0NzY3JpcHQlMjB0eXBlJTNEJTIydGV4dCUyRmphdmFzY3JpcHQlMjIlM0UlMEFmdW5jdGlvbiUyMHJlc2VydmVyQ2hhbWJyZVElMjglMjklMjAlN0IlMEFkb2N1bWVudC5nZXRFbGVtZW50QnlJZCUyOCUyMmJvb2tpbmctZW5naW5lQWx0JTIyJTI5LnN0eWxlLmJvdHRvbSUyMCUzRCUyMCUyMjBweCUyMiUzQiUwQWRvY3VtZW50LmdldEVsZW1lbnRCeUlkJTI4JTIyYm9va2luZy1lbmdpbmVBbHQlMjIlMjkuc3R5bGUudmlzaWJpbGl0eSUyMCUzRCUyMCUyMnZpc2libGUlMjIlM0IlMEFkb2N1bWVudC5nZXRFbGVtZW50QnlJZCUyOCUyMmNhbEFsdCUyMiUyOS5zdHlsZS5vcGFjaXR5JTIwJTNEJTIwJTIyMCUyMiUzQiUwQWRvY3VtZW50LmdldEVsZW1lbnRCeUlkJTI4JTIyY2FsQWx0JTIyJTI5LnN0eWxlLmJvdHRvbSUyMCUzRCUyMCUyMi0yMDBweCUyMiUzQiUwQSU3RCUwQSUzQyUyRnNjcmlwdCUzRQ==[\/vc_raw_html][\/vc_column][vc_column width=\u00bb1\/2&#8243; overflow=\u00bbdefault\u00bb css=\u00bb.vc_custom_1571134246525{padding: 7% !important;background-color: #9c1e1e !important;}\u00bb][vc_gallery type=\u00bbflexslider_slide\u00bb interval=\u00bb3&#8243; images=\u00bb1727,1717,919,1722,1732,914,934&#8243; img_size=\u00bb707&#215;470&#8243;][\/vc_column][\/vc_row][vc_row full_width=\u00bbstretch_row_content\u00bb equal_height=\u00bbyes\u00bb content_placement=\u00bbmiddle\u00bb overflow=\u00bbdefault\u00bb el_id=\u00bbfamiliale\u00bb][vc_column width=\u00bb1\/2&#8243; overflow=\u00bbdefault\u00bb css=\u00bb.vc_custom_1571134246525{padding: 7% !important;background-color: #9c1e1e !important;}\u00bb][vc_gallery type=\u00bbflexslider_slide\u00bb interval=\u00bb3&#8243; images=\u00bb1745,1740,914,929,924,934&#8243; img_size=\u00bb707&#215;470&#8243;][\/vc_column][vc_column width=\u00bb1\/2&#8243; overflow=\u00bbdefault\u00bb css=\u00bb.vc_custom_1571133779166{padding-top: 7% !important;padding-right: 7% !important;padding-bottom: 7% !important;padding-left: 7% !important;}\u00bb][vc_text_separator title=\u00bbHabitacion familiar 5 personas\u00bb title_align=\u00bbseparator_align_left\u00bb align=\u00bbalign_left\u00bb color=\u00bbcustom\u00bb border_width=\u00bb2&#8243; accent_color=\u00bb#9c1e1e\u00bb el_class=\u00bbsubtitle\u00bb][vc_column_text]Accesibles por tres ascensores, <strong>todas nuestras habitaciones est\u00e1n insonorizadas y climatizadas<\/strong>. Est\u00e1n equipadas con <strong>suelos de madera<\/strong>, escritorio, cuarto de ba\u00f1o con ducha o ba\u00f1era completa con art\u00edculos de aseo, secador de pelo, aseo privado, TV por cable de pantalla plana y servicio de despertador.<\/p>\n<p><strong>Hay conexi\u00f3n Wi-Fi<\/strong> gratuita.<\/p>\n<p><strong>Superficie de la habitaci\u00f3n:<\/strong>\u00a045 m\u00b2<\/p>\n<p><strong>Tipo de cama: 3 camas individuales, 1 cama doble.<\/strong>[\/vc_column_text][vc_raw_html]JTNDZGl2JTIwaWQlM0QlMjJidG4tcmVzJTIyJTNFJTBBJTNDYSUyMG9uY2xpY2slM0QlMjJyZXNlcnZlckNoYW1icmUlMjglMjklM0IlMjIlMjBjbGFzcyUzRCUyMmxpbmstcmVzJTIyJTNFUmVzZXJ2YXIlMjB1bmElMjBoYWJpdGFjaW9uJTNDJTJGYSUzRSUwQSUzQyUyRmRpdiUzRSUwQSUzQ3NjcmlwdCUyMHR5cGUlM0QlMjJ0ZXh0JTJGamF2YXNjcmlwdCUyMiUzRSUwQWZ1bmN0aW9uJTIwcmVzZXJ2ZXJDaGFtYnJlJTI4JTI5JTIwJTdCJTBBZG9jdW1lbnQuZ2V0RWxlbWVudEJ5SWQlMjglMjJib29raW5nLWVuZ2luZUFsdCUyMiUyOS5zdHlsZS5ib3R0b20lMjAlM0QlMjAlMjIwcHglMjIlM0IlMEFkb2N1bWVudC5nZXRFbGVtZW50QnlJZCUyOCUyMmJvb2tpbmctZW5naW5lQWx0JTIyJTI5LnN0eWxlLnZpc2liaWxpdHklMjAlM0QlMjAlMjJ2aXNpYmxlJTIyJTNCJTBBZG9jdW1lbnQuZ2V0RWxlbWVudEJ5SWQlMjglMjJjYWxBbHQlMjIlMjkuc3R5bGUub3BhY2l0eSUyMCUzRCUyMCUyMjAlMjIlM0IlMEFkb2N1bWVudC5nZXRFbGVtZW50QnlJZCUyOCUyMmNhbEFsdCUyMiUyOS5zdHlsZS5ib3R0b20lMjAlM0QlMjAlMjItMjAwcHglMjIlM0IlMEElN0QlMEElM0MlMkZzY3JpcHQlM0U=[\/vc_raw_html][\/vc_column][\/vc_row]<\/p>\n<\/div>","protected":false},"excerpt":{"rendered":"<p>[vc_row full_width=\u00bbstretch_row_content_no_spaces\u00bb overflow=\u00bbdefault\u00bb css=\u00bb.vc_custom_1733756693868{padding-top: 175px !important;padding-bottom: 50px !important;background-image: url(https:\/\/www.hotel-angelic.com\/wp-content\/uploads\/2019\/10\/Background-provisoir.jpg?id=295) !important;background-position: center !important;background-repeat: no-repeat !important;background-size: cover !important;}\u00bb][vc_column][vc_text_separator title=\u00bbHabitaciones\u00bb color=\u00bbwhite\u00bb border_width=\u00bb2&#8243; el_width=\u00bb50&#8243; el_class=\u00bbtitle\u00bb][\/vc_column][\/vc_row][vc_row full_width=\u00bbstretch_row_content\u00bb equal_height=\u00bbyes\u00bb content_placement=\u00bbmiddle\u00bb overflow=\u00bbdefault\u00bb el_id=\u00bbsingle\u00bb][vc_column width=\u00bb1\/2&#8243; overflow=\u00bbdefault\u00bb css=\u00bb.vc_custom_1571134246525{padding: 7% !important;background-color: #9c1e1e !important;}\u00bb][vc_gallery type=\u00bbflexslider_slide\u00bb interval=\u00bb3&#8243; images=\u00bb1635,1630,909,934&#8243; img_size=\u00bb707&#215;470&#8243;][\/vc_column][vc_column width=\u00bb1\/2&#8243; overflow=\u00bbdefault\u00bb css=\u00bb.vc_custom_1571133779166{padding-top: 7% !important;padding-right: 7% !important;padding-bottom: 7%&#8230;<\/p>\n","protected":false},"author":1,"featured_media":0,"parent":0,"menu_order":0,"comment_status":"closed","ping_status":"closed","template":"","meta":{"footnotes":""},"class_list":["post-423","page","type-page","status-publish","hentry"],"_links":{"self":[{"href":"https:\/\/www.hotel-angelic.com\/es\/wp-json\/wp\/v2\/pages\/423","targetHints":{"allow":["GET"]}}],"collection":[{"href":"https:\/\/www.hotel-angelic.com\/es\/wp-json\/wp\/v2\/pages"}],"about":[{"href":"https:\/\/www.hotel-angelic.com\/es\/wp-json\/wp\/v2\/types\/page"}],"author":[{"embeddable":true,"href":"https:\/\/www.hotel-angelic.com\/es\/wp-json\/wp\/v2\/users\/1"}],"replies":[{"embeddable":true,"href":"https:\/\/www.hotel-angelic.com\/es\/wp-json\/wp\/v2\/comments?post=423"}],"version-history":[{"count":20,"href":"https:\/\/www.hotel-angelic.com\/es\/wp-json\/wp\/v2\/pages\/423\/revisions"}],"predecessor-version":[{"id":1756,"href":"https:\/\/www.hotel-angelic.com\/es\/wp-json\/wp\/v2\/pages\/423\/revisions\/1756"}],"wp:attachment":[{"href":"https:\/\/www.hotel-angelic.com\/es\/wp-json\/wp\/v2\/media?parent=423"}],"curies":[{"name":"wp","href":"https:\/\/api.w.org\/{rel}","templated":true}]}}