{"id":446,"date":"2019-11-07T11:30:44","date_gmt":"2019-11-07T10:30:44","guid":{"rendered":"http:\/\/angelic.novae.website\/?page_id=446"},"modified":"2024-12-09T16:12:18","modified_gmt":"2024-12-09T15:12:18","slug":"localizacion-y-contacto","status":"publish","type":"page","link":"https:\/\/www.hotel-angelic.com\/es\/localizacion-y-contacto\/","title":{"rendered":"Localizacion y contacto"},"content":{"rendered":"<div class=\"wpb-content-wrapper\"><p>[vc_row full_width=\u00bbstretch_row_content_no_spaces\u00bb overflow=\u00bbdefault\u00bb css=\u00bb.vc_custom_1733757137127{padding-top: 175px !important;padding-bottom: 50px !important;background-image: url(https:\/\/www.hotel-angelic.com\/wp-content\/uploads\/2019\/10\/Background-provisoir.jpg?id=295) !important;background-position: center !important;background-repeat: no-repeat !important;background-size: cover !important;}\u00bb][vc_column][vc_text_separator title=\u00bbLocalizacion y contacto\u00bb color=\u00bbwhite\u00bb border_width=\u00bb2&#8243; el_width=\u00bb50&#8243; el_class=\u00bbtitle\u00bb][\/vc_column][\/vc_row][vc_row full_width=\u00bbstretch_row_content\u00bb equal_height=\u00bbyes\u00bb content_placement=\u00bbtop\u00bb overflow=\u00bbdefault\u00bb][vc_column width=\u00bb1\/2&#8243; overflow=\u00bbdefault\u00bb css=\u00bb.vc_custom_1571230840477{padding: 10% !important;}\u00bb][vc_text_separator title=\u00bbContacto\u00bb title_align=\u00bbseparator_align_left\u00bb align=\u00bbalign_left\u00bb color=\u00bbcustom\u00bb border_width=\u00bb2&#8243; accent_color=\u00bb#9c1e1e\u00bb el_class=\u00bbsubtitle\u00bb][vc_column_text]<\/p>\n<h3><strong>Angelic Hotel<\/strong><\/h3>\n<p><strong>Direccion :<\/strong> 2 rue du Calvaire, 65100 Lourdes &#8211; France<br \/>\n<strong>Tel\u00e9fono :<\/strong> +33 (0)5 \u00a062 94 23 05<br \/>\n<strong>Fax :<\/strong> +33 (0)5 62 \u00a094 84 00<br \/>\n<strong>E-mail :<\/strong> <a href=\"mailto:angelic-hotel-lourdes@wanadoo.fr\">angelic-hotel-lourdes@wanadoo.fr<\/a>[\/vc_column_text][vc_text_separator title=\u00bbFormulario de contacto\u00bb title_align=\u00bbseparator_align_left\u00bb align=\u00bbalign_left\u00bb color=\u00bbcustom\u00bb border_width=\u00bb2&#8243; accent_color=\u00bb#9c1e1e\u00bb el_class=\u00bbsubtitle\u00bb]\n<div class=\"wpcf7 no-js\" id=\"wpcf7-f450-o1\" lang=\"fr-FR\" dir=\"ltr\" data-wpcf7-id=\"450\">\n<div class=\"screen-reader-response\"><p role=\"status\" aria-live=\"polite\" aria-atomic=\"true\"><\/p> <ul><\/ul><\/div>\n<form action=\"\/es\/wp-json\/wp\/v2\/pages\/446#wpcf7-f450-o1\" method=\"post\" class=\"wpcf7-form init\" aria-label=\"Formulaire de contact\" novalidate=\"novalidate\" data-status=\"init\">\n<div style=\"display: none;\">\n<input type=\"hidden\" name=\"_wpcf7\" value=\"450\" \/>\n<input type=\"hidden\" name=\"_wpcf7_version\" value=\"6.0.1\" \/>\n<input type=\"hidden\" name=\"_wpcf7_locale\" value=\"fr_FR\" \/>\n<input type=\"hidden\" name=\"_wpcf7_unit_tag\" value=\"wpcf7-f450-o1\" \/>\n<input type=\"hidden\" name=\"_wpcf7_container_post\" value=\"0\" \/>\n<input type=\"hidden\" name=\"_wpcf7_posted_data_hash\" value=\"\" \/>\n<input type=\"hidden\" name=\"_wpcf7_recaptcha_response\" value=\"\" \/>\n<\/div>\n<div class=\"sh-cf7-body\"><table>\n\t<tr>\n\t\t<td>\n\t\t\t<p><label> Apellido *<br \/>\n<span class=\"wpcf7-form-control-wrap\" data-name=\"your-name\"><input size=\"40\" maxlength=\"400\" class=\"wpcf7-form-control wpcf7-text wpcf7-validates-as-required\" aria-required=\"true\" aria-invalid=\"false\" value=\"\" type=\"text\" name=\"your-name\" \/><\/span> <\/label>\n\t\t\t<\/p>\n\t\t<\/td>\n\t\t<td>\n\t\t\t<p><label> n\u00famero de tel\u00e9fono *<br \/>\n<span class=\"wpcf7-form-control-wrap\" data-name=\"tel-826\"><input size=\"40\" maxlength=\"400\" class=\"wpcf7-form-control wpcf7-tel wpcf7-validates-as-required wpcf7-text wpcf7-validates-as-tel\" aria-required=\"true\" aria-invalid=\"false\" value=\"\" type=\"tel\" name=\"tel-826\" \/><\/span> <\/label>\n\t\t\t<\/p>\n\t\t<\/td>\n\t<\/tr>\n\t<tr>\n\t\t<td colspan=\"2\">\n\t\t\t<p><label> e-mail *<br \/>\n<span class=\"wpcf7-form-control-wrap\" data-name=\"your-email\"><input size=\"40\" maxlength=\"400\" class=\"wpcf7-form-control wpcf7-email wpcf7-validates-as-required wpcf7-text wpcf7-validates-as-email\" aria-required=\"true\" aria-invalid=\"false\" value=\"\" type=\"email\" name=\"your-email\" \/><\/span> <\/label>\n\t\t\t<\/p>\n\t\t<\/td>\n\t<\/tr>\n\t<tr>\n\t\t<td colspan=\"2\">\n\t\t\t<p><label> Su tema<br \/>\n<span class=\"wpcf7-form-control-wrap\" data-name=\"your-subject\"><input size=\"40\" maxlength=\"400\" class=\"wpcf7-form-control wpcf7-text\" aria-invalid=\"false\" value=\"\" type=\"text\" name=\"your-subject\" \/><\/span> <\/label>\n\t\t\t<\/p>\n\t\t<\/td>\n\t<\/tr>\n\t<tr>\n\t\t<td colspan=\"2\">\n\t\t\t<p><label> Vuestro mensaje<br \/>\n<span class=\"wpcf7-form-control-wrap\" data-name=\"your-message\"><textarea cols=\"40\" rows=\"10\" maxlength=\"2000\" class=\"wpcf7-form-control wpcf7-textarea\" aria-invalid=\"false\" name=\"your-message\"><\/textarea><\/span> <\/label>\n\t\t\t<\/p>\n\t\t<\/td>\n\t<\/tr>\n<\/table>\n<p><span class=\"wpcf7-form-control-wrap\" data-name=\"acceptance-288\"><span class=\"wpcf7-form-control wpcf7-acceptance\"><span class=\"wpcf7-list-item\"><label><input type=\"checkbox\" name=\"acceptance-288\" value=\"1\" aria-invalid=\"false\" \/><span class=\"wpcf7-list-item-label\">Acepto que la informaci\u00f3n ingresada en este formulario se utilizar\u00e1 para permitirme contactarlo nuevamente como parte de esta solicitud de contacto.<\/span><\/label><\/span><\/span><\/span>\n<\/p>\n<p><input class=\"wpcf7-form-control wpcf7-submit has-spinner\" type=\"submit\" value=\"Enviar\" \/>\n<\/p><\/div><div class=\"wpcf7-response-output\" aria-hidden=\"true\"><\/div>\n<\/form>\n<\/div>\n[\/vc_column][vc_column width=\u00bb1\/2&#8243; overflow=\u00bbdefault\u00bb css=\u00bb.vc_custom_1571230884669{padding: 10% !important;}\u00bb][vc_column_text]<iframe loading=\"lazy\" style=\"border: 0;\" src=\"https:\/\/www.google.com\/maps\/embed?pb=!1m18!1m12!1m3!1d2913.4898049192625!2d-0.05572008345523898!3d43.094220446645586!2m3!1f0!2f0!3f0!3m2!1i1024!2i768!4f13.1!3m3!1m2!1s0xd57d69f7270ad19%3A0x8b0ca57651ac7ff6!2sH%C3%B4tel%20Angelic%20Myriam!5e0!3m2!1sfr!2sfr!4v1571230709077!5m2!1sfr!2sfr\" width=\"600\" height=\"450\" frameborder=\"0\" allowfullscreen=\"allowfullscreen\"><\/iframe>[\/vc_column_text][\/vc_column][\/vc_row][vc_row][vc_column][vc_text_separator title=\u00bbIr a lourdes\u00bb color=\u00bbcustom\u00bb border_width=\u00bb2&#8243; accent_color=\u00bb#9c1e1e\u00bb el_class=\u00bbsubtitle\u00bb][vc_icon icon_fontawesome=\u00bbfa fa-car\u00bb color=\u00bbcustom\u00bb background_style=\u00bbrounded-less\u00bb background_color=\u00bbcustom\u00bb custom_color=\u00bb#ffffff\u00bb custom_background_color=\u00bb#9c1e1e\u00bb][vc_column_text]<strong>\u00bfComo llegar a Lourdes?<\/strong><\/p>\n<p>Lourdes es un destino bien comunicado y la ciudad es f\u00e1cilmente accesible en autom\u00f3vil y en autob\u00fas.<\/p>\n<p><strong>De Tarbes a Lourdes<\/strong>, tomar la carretera\u00a0 N.21 En Lourdes, tomar la direcci\u00f3n \u00abCentre ville\u00bb y \u00abLa Grotte\u00bb. Seg\u00fan el sentido de circulaci\u00f3n, tomar el Boulevard de la Grotte (luego el Boulevard P\u00e8re R\u00e9my Semp\u00e9) o la Rue de la Grotte (el sentido cambia los d\u00edas 1 y 16 de cada mes)<\/p>\n<p><strong>De Pau a Lourdes,<\/strong>\u00a0tomar la autopista A.64 direcci\u00f3n Tarbes De Tarbes a Lourdes, tomar la carretera N.21. En Lourdes, tomar la direcci\u00f3n \u00abCentre ville\u00bb y \u00abLa Grotte\u00bb.Seg\u00fan el sentido de circulaci\u00f3n, tomar el Boulevard de la Grotte (luego el Boulevard P\u00e8re R\u00e9my Semp\u00e9) o la Rue de la Grotte (el sentido cambia los d\u00edas 1 y 16 de cada mes)<\/p>\n<p><strong>De Argel\u00e8s-Gazost a Lourdes<\/strong>, tomar la carretera\u00a0 N.21. En Lourdes, tomar la direcci\u00f3n de \u00abLa Grotte\u00bb.Seg\u00fan el sentido de circulaci\u00f3n, tomar el Boulevard de la Grotte (luego el Boulevard P\u00e8re R\u00e9my Semp\u00e9) o la Rue de la Grotte (el sentido cambia los d\u00edas 1 y 16 de cada mes)[\/vc_column_text][vc_icon icon_fontawesome=\u00bbfa fa-plane\u00bb color=\u00bbcustom\u00bb background_style=\u00bbrounded-less\u00bb background_color=\u00bbcustom\u00bb custom_color=\u00bb#ffffff\u00bb custom_background_color=\u00bb#9c1e1e\u00bb][vc_column_text]<\/p>\n<p style=\"text-align: left;\"><strong>Ven a Lourdes en avi<\/strong><strong><span lang=\"es\" tabindex=\"0\">\u00f3<\/span><\/strong><strong>n<\/strong><\/p>\n<p>Hay 4 aeropuertos para llegar a Lourdes<\/p>\n<ul>\n<li>Tarbes Lourdes Pyr\u00e9n\u00e9es a 15km \u2013 Taxi<\/li>\n<li>Pau-Pyr\u00e9n\u00e9es a 40km \u2013 Taxi<\/li>\n<li>Toulouse-Blagnac a 180 km (por la Autopista) \u2013 Taxi o tren para Lourdes<\/li>\n<li>Biarritz 200 km (por la Autopista) \u2013 Taxi<\/li>\n<\/ul>\n<p>No existe servicio de enlace regular entre el Aeropuerto y Lourdes<\/p>\n<p>Al\u00a0Aeropuerto de Tarbes-Lourdes-Pyr\u00e9n\u00e9es, 3 vuelos regulares por semana entre Paris Orly-Ouest \/ Tarbes-Lourdes-Pyr\u00e9n\u00e9es<\/p>\n<p><strong>Desde el aeropuerto de LOURDES<\/strong>\u00a0(15 km) Un servicio de taxis circula 24 horas al d\u00eda entre el aeropuerto y el hotel. Tarifa: Aproximadamente 25 \u20ac de d\u00eda y 30 \u20ac de noche o en fin de semana (seg\u00fan la cantidad de equipaje).<\/p>\n<p><strong>Desde el aeropuerto de PAU<\/strong>\u00a0(40 km) Un servicio de taxis circula 24 horas al d\u00eda entre el aeropuerto y el hotel. Tarifa: Aproximadamente 70 \u20ac de d\u00eda y 95 \u20ac de noche o en fin de semana (seg\u00fan la cantidad de equipaje).[\/vc_column_text][vc_icon icon_fontawesome=\u00bbfa fa-train\u00bb color=\u00bbcustom\u00bb background_style=\u00bbrounded-less\u00bb background_color=\u00bbcustom\u00bb custom_color=\u00bb#ffffff\u00bb custom_background_color=\u00bb#9c1e1e\u00bb][vc_column_text]<\/p>\n<p style=\"text-align: left;\"><strong>Ven a Lourdes en tren<\/strong><\/p>\n<p>Miles de peregrinos optan por viajar en tren para venir a Lourdes, peregrinaciones enteras llegan a la estaci\u00f3n, viniendo de innumerables procedencias.<\/p>\n<p>El Tren Alta Velocidad (TGV) Paris-Lourdes (duraci\u00f3n del trayecto: 5:30), ofrece cuatro\u00a0 trenes diarios. Hay adem\u00e1s dos trenes de noche. Existen enlaces ferroviarios directos procedentes de: Burdeos \/ Toulouse \/ Montpellier \/ Marsella \/ Niza \/ Lyon\/ Ventimiglia\/ G\u00e9nova \/ Ir\u00fan.<\/p>\n<p>Una empresa de autobuses propone un servicio de enlace a partir de la estaci\u00f3n de Lourdes hasta la Gruta (Puerta San Jos\u00e9) Cada 15 minutos: CITY BUS (autob\u00fas azul), tomar las l\u00edneas 1 o 2 (del domingo de Ramos al 31 de octubre).Tarifa: 1,20 \u20ac\/persona (ida)\u00a0 \/ 2,20 \u20ac\/persona (ida\/vuelta) Horarios: de las 7:00 a las 19:00 (hasta las 22:30 en julio y agosto) N\u00b0 gratuito: 0 800 100 329 Un servicio de taxi circula 24 horas al d\u00eda entre la estaci\u00f3n y el hotel Tarifa: aproximadamente 10 \u20ac de d\u00eda y 12 \u20ac de noche (seg\u00fan la cantidad de equipaje)\u00a0 Podemos reservarlo para usted, para ello deber\u00e1 precisar su Nombre, el d\u00eda de llegada, la hora de llegada, el n\u00b0 de tren, el n\u00famero de personas (adultos y ni\u00f1os) y el nombre de uno de los Hoteles Vinuales donde usted haya reservado.<\/p>\n<h4><strong>De\u00a0Taxi<\/strong><\/h4>\n<ul>\n<li>Alliance Taxi Lourdes N\u00b0 vert 0 800 820 052\u00a0(gratuito)\u00a0<a class=\"external\" title=\"www.alliance-taxis-lourdes.com\" href=\"http:\/\/www.alliance-taxis-lourdes.com\/\">www.alliance-taxis-lourdes.com<\/a><\/li>\n<li>Taxis Services N\u00b0 vert 0 800 420\u00a0 808 (gratuito)\u00a0<a class=\"external\" title=\"www.taxisserviceslourdes.fr\" href=\"http:\/\/www.taxisserviceslourdes.fr\/\">www.taxisserviceslourdes.fr<\/a><\/li>\n<\/ul>\n<p>[\/vc_column_text][vc_icon icon_fontawesome=\u00bbfa fa-map-marker\u00bb color=\u00bbcustom\u00bb background_style=\u00bbrounded-less\u00bb background_color=\u00bbcustom\u00bb custom_color=\u00bb#ffffff\u00bb custom_background_color=\u00bb#9c1e1e\u00bb][vc_column_text]<strong>\u00bfDonde estacionar?<\/strong><\/p>\n<p><strong>Aparcamiento privado de pago<\/strong>\u00a0del hotel Angelic<\/p>\n<p><span lang=\"es\"><strong>Aparcamiento vigilado gratuito<\/strong>\u00a0cerca de los santuarios a 5 minutos del hotel Angelic : Esplanade du Paradis\u00a0<strong>Pulse aqui<\/strong><b>\u00a0<\/b><strong><a href=\"https:\/\/www.google.fr\/maps\/place\/Espl.+du+Paradis,+65100+Lourdes\/@43.0904439,-0.0541325,17z\/data=!3m1!4b1!4m2!3m1!1s0xd57d698e54fed1d:0x343e35223a194cdd\" target=\"_blank\" rel=\"noopener noreferrer\">Location map<\/a>;<\/strong><\/span><\/p>\n<p><span lang=\"es\"><strong>Cubierto el pago de aparcamiento<\/strong>: Aparcamiento Municipal Peyramale &#8211; Place Peyramale ( Centro de la ciudad)\u00a0<strong>Pulse aqui\u00a0<a href=\"https:\/\/www.google.fr\/maps\/place\/Vinci+Park+Services\/@43.0961707,-0.0465446,17z\/data=!3m1!4b1!4m2!3m1!1s0xd57d6994dddc7fd:0xc962343429c780ae\" target=\"_blank\" rel=\"noopener noreferrer\">Location map<\/a><\/strong><\/span><\/p>\n<p><span lang=\"es\"><strong>Aparcamiento Municipal<\/strong>\u00a0Merlasse &#8211; \u00a0 Avenue Schoepfer ( cerca del Santuario de Lourdes )\u00a0<strong>Pulse aqui<\/strong>\u00a0<strong><a href=\"https:\/\/www.google.fr\/maps\/place\/Parking+Merlasse\/@43.095962,-0.0553673,17z\/data=!3m1!4b1!4m2!3m1!1s0xd57d69ff2ba40c7:0x34da086fd63015ea\" target=\"_blank\" rel=\"noopener noreferrer\">Location map<\/a><\/strong><\/span><\/p>\n<p><span lang=\"es\"><strong>Aparcamiento de pago<\/strong>\u00a0, cerca de los Santuarios : Aparcamiento Boissarie , Rue du Docteur Boissarie , Quai St John , St. Mary Square de Merlasse Rue des Carri\u00e8res Peyramale , Avenue du Paradis , Aparcamiento Esplanade du Paradis , De Igualdad , Avenida R\u00e9mi Semp\u00e9 , Avenida Monse\u00f1or Th\u00e9as<\/span>[\/vc_column_text][vc_icon icon_fontawesome=\u00bbfa fa-random\u00bb color=\u00bbcustom\u00bb background_style=\u00bbrounded-less\u00bb background_color=\u00bbcustom\u00bb custom_color=\u00bb#ffffff\u00bb custom_background_color=\u00bb#9c1e1e\u00bb][vc_column_text]<strong>Circular en Lourdes<\/strong><\/p>\n<p style=\"text-align: left;\">Los dos accesos principales hasta los Santuarios son v\u00edas de un solo sentido, que cambian cada 15 d\u00edas.Desde el centro de la ciudad,\u00a0<strong>del 1 al 15 del mes<\/strong>\u00a0en curso, usted tomar\u00e1 la Rue de la Grotte.En cambio,\u00a0<strong>del 16 al 30\/31 del mes<\/strong>, deber\u00e1 tomar el Boulevard de la Grotte, luego el Boulevard R\u00e9my Semp\u00e9 para llegar a la Puerta San Jos\u00e9 (a reserva de modificaci\u00f3n a causa de obras u otros motivos).Antes de llegar, inf\u00f3rmese en su hotel sobre el sentido de circulaci\u00f3n el d\u00eda de su llegad<\/p>\n<p><strong>Como los Santuarios est\u00e1n muy cerca del hotel ANGELIC\u00a0<\/strong>usted podr\u00e1 realizar las principales visitas a pie. El centro de la ciudad tambi\u00e9n es accesible muy f\u00e1cilmente, aproximadamente 10 minutos de marcha.<\/p>\n<p><strong>Existen autobuses de enlace entre la estaci\u00f3n\u00a0<\/strong>(City bus), y La Gruta (entrada San Jos\u00e9) Cada 15 minutos: CITY BUS (bus azul), tomar las l\u00edneas 1 o 2 para la Gruta \u2013 Hoteles \u2013 Estaci\u00f3n (de Semana Santa a octubre)\u00a0<em>Tarifa : 1,20 \u20ac\/persona (ida)\u00a0 \/ 2,20 \u20ac\/persona (ida y vuelta)<\/em><em>\u00a0Horarios: de 7:00 a 19:00 (hasta las 22:30 en julio y agosto)<br \/>\n<\/em><strong>El trenecito tur\u00edstico\u00a0<\/strong>Todos los d\u00edas de Semana Santa a octubre, salida cada 20 minutos, de las 9 a las 11:30 y de las 13:30 a las 18:15, nocturno a partir de las 20:00 de mayo a finales de septiembre. Punto de partida en la plaza Monse\u00f1or Laurence.\u00a0\u00a0<strong>Paseo de 45 minutos para descubrir la Ciudad Mariana<\/strong>, que encantar\u00e1 a chicos y grandest)[\/vc_column_text][vc_icon icon_fontawesome=\u00bbfa fa-comments-o\u00bb color=\u00bbcustom\u00bb background_style=\u00bbrounded-less\u00bb background_color=\u00bbcustom\u00bb custom_color=\u00bb#ffffff\u00bb custom_background_color=\u00bb#9c1e1e\u00bb][vc_column_text]<strong>Alquilar un coche<\/strong><\/p>\n<p style=\"text-align: left;\"><a title=\"AVIS\" href=\"https:\/\/www.avis.fr\/services-avis\/location-voiture\/europe\/france\/lourdes\/gare-de-lourdes\" target=\"_blank\" rel=\"noopener noreferrer\">www.avis.fr<\/a> Tel\/Ph +33 (0)5 62 34 26 76<br \/>\n<a href=\"https:\/\/www.europcar.es\/es-es\/oficinas\/francia\/lourdes-sncf?_ga=2.203158865.1795882811.1586599301-460544990.1586599301&amp;_gac=1.217277156.1586599550.CjwKCAjw1cX0BRBmEiwAy9tKHkIEHLyITj-eIAziogj-H6FevZLtEXRlEF_1J3SByqK9XGVHEFHw7RoCspgQAvD_BwE\" target=\"_blank\" rel=\"noopener noreferrer\">www.europcar.fr &#8211;<\/a>\u00a0Tel\/Ph +33 (0)5 62 51 20 21<br \/>\n<a href=\"https:\/\/www.hertz.fr\/p\/location-de-voiture\/france\/tarbes\/lourdes-tarbes-airport\" target=\"_blank\" rel=\"noopener noreferrer\">www.hertz.fr\u00a0<\/a>&#8211; Tel\/Ph +33 (0)5 62 93 14 99<\/p>\n<p>[\/vc_column_text][\/vc_column][\/vc_row]<\/p>\n<\/div>","protected":false},"excerpt":{"rendered":"<p>[vc_row full_width=\u00bbstretch_row_content_no_spaces\u00bb overflow=\u00bbdefault\u00bb css=\u00bb.vc_custom_1733757137127{padding-top: 175px !important;padding-bottom: 50px !important;background-image: url(https:\/\/www.hotel-angelic.com\/wp-content\/uploads\/2019\/10\/Background-provisoir.jpg?id=295) !important;background-position: center !important;background-repeat: no-repeat !important;background-size: cover !important;}\u00bb][vc_column][vc_text_separator title=\u00bbLocalizacion y contacto\u00bb color=\u00bbwhite\u00bb border_width=\u00bb2&#8243; el_width=\u00bb50&#8243; el_class=\u00bbtitle\u00bb][\/vc_column][\/vc_row][vc_row full_width=\u00bbstretch_row_content\u00bb equal_height=\u00bbyes\u00bb content_placement=\u00bbtop\u00bb overflow=\u00bbdefault\u00bb][vc_column width=\u00bb1\/2&#8243; overflow=\u00bbdefault\u00bb css=\u00bb.vc_custom_1571230840477{padding: 10% !important;}\u00bb][vc_text_separator title=\u00bbContacto\u00bb title_align=\u00bbseparator_align_left\u00bb align=\u00bbalign_left\u00bb color=\u00bbcustom\u00bb border_width=\u00bb2&#8243; accent_color=\u00bb#9c1e1e\u00bb el_class=\u00bbsubtitle\u00bb][vc_column_text] Angelic Hotel Direccion : 2 rue&#8230;<\/p>\n","protected":false},"author":1,"featured_media":0,"parent":0,"menu_order":0,"comment_status":"closed","ping_status":"closed","template":"","meta":{"footnotes":""},"class_list":["post-446","page","type-page","status-publish","hentry"],"_links":{"self":[{"href":"https:\/\/www.hotel-angelic.com\/es\/wp-json\/wp\/v2\/pages\/446","targetHints":{"allow":["GET"]}}],"collection":[{"href":"https:\/\/www.hotel-angelic.com\/es\/wp-json\/wp\/v2\/pages"}],"about":[{"href":"https:\/\/www.hotel-angelic.com\/es\/wp-json\/wp\/v2\/types\/page"}],"author":[{"embeddable":true,"href":"https:\/\/www.hotel-angelic.com\/es\/wp-json\/wp\/v2\/users\/1"}],"replies":[{"embeddable":true,"href":"https:\/\/www.hotel-angelic.com\/es\/wp-json\/wp\/v2\/comments?post=446"}],"version-history":[{"count":13,"href":"https:\/\/www.hotel-angelic.com\/es\/wp-json\/wp\/v2\/pages\/446\/revisions"}],"predecessor-version":[{"id":1624,"href":"https:\/\/www.hotel-angelic.com\/es\/wp-json\/wp\/v2\/pages\/446\/revisions\/1624"}],"wp:attachment":[{"href":"https:\/\/www.hotel-angelic.com\/es\/wp-json\/wp\/v2\/media?parent=446"}],"curies":[{"name":"wp","href":"https:\/\/api.w.org\/{rel}","templated":true}]}}