{"id":488,"date":"2019-11-07T15:06:59","date_gmt":"2019-11-07T14:06:59","guid":{"rendered":"http:\/\/angelic.novae.website\/?page_id=488"},"modified":"2024-12-09T16:11:09","modified_gmt":"2024-12-09T15:11:09","slug":"visitare-lourdes","status":"publish","type":"page","link":"https:\/\/www.hotel-angelic.com\/it\/visitare-lourdes\/","title":{"rendered":"Visitare Lourdes"},"content":{"rendered":"<div class=\"wpb-content-wrapper\"><p>[vc_row full_width=&#8221;stretch_row_content_no_spaces&#8221; overflow=&#8221;default&#8221; css=&#8221;.vc_custom_1733757068693{padding-top: 175px !important;padding-bottom: 50px !important;background-position: center !important;background-repeat: no-repeat !important;background-size: cover !important;}&#8221;][vc_column][vc_text_separator title=&#8221;Visitare Lourdes&#8221; color=&#8221;white&#8221; border_width=&#8221;2&#8243; el_width=&#8221;50&#8243; el_class=&#8221;title&#8221;][\/vc_column][\/vc_row][vc_row full_width=&#8221;stretch_row_content&#8221; equal_height=&#8221;yes&#8221; content_placement=&#8221;middle&#8221; overflow=&#8221;default&#8221; el_id=&#8221;sanctuaire&#8221;][vc_column width=&#8221;1\/2&#8243; overflow=&#8221;default&#8221; css=&#8221;.vc_custom_1571223240232{padding: 10% !important;}&#8221;][vc_text_separator title=&#8221;Il Sanctuario Notre Dame Di Lourdes&#8221; title_align=&#8221;separator_align_left&#8221; align=&#8221;align_left&#8221; color=&#8221;custom&#8221; border_width=&#8221;2&#8243; accent_color=&#8221;#9c1e1e&#8221; el_class=&#8221;subtitle&#8221;][vc_column_text]Il Santuario Notre Dame di Lourdes \u00e8 aperto tutto l\u2019anno, <strong>24 ore al giorno, e l\u2019ingresso \u00e8 gratuito<\/strong><br \/>\nLa Grotta di Massabielle \u00e8 delimitata a nord e ad est dal fiume Gave de Pau, ed \u00e8 dominata a sud dalla roccia di Massabielle.<br \/>\nProfonda 9 metri e 50, la grotta \u00e8 il luogo in cui, <strong>nel 1858<\/strong>, la Madonna apparve a<strong> Bernadette Soubirous<\/strong>, giovane ragazza di Lourdes di 14 anni.<br \/>\nIn fondo a sinistra della Grotta si trova <strong>la Fonte fatta<\/strong> realizzare da Bernadette su indicazione della Madonna.<br \/>\n<strong>L\u2019acqua della Fonte<\/strong> \u00e8 canalizzata e alimenta le fontane, le piscine e il percorso d\u2019acqua.<br \/>\nLuogo imperdibile del Santuario, la Grotta \u00e8 visitata da circa <strong>6 milioni di persone all\u2019anno.<\/strong>[\/vc_column_text][vc_column_text]<strong>Indirizzo :<\/strong> 1 Avenue Mgr Th\u00e9as, 65108 Lourdes<br \/>\n<strong>Telefono :<\/strong> 05 62 42 78 78<br \/>\n<strong>Web Site :<\/strong> <a href=\"https:\/\/www.lourdes-france.org\/it\/\" target=\"_blank\" rel=\"noopener noreferrer\">https:\/\/www.lourdes-france.org\/it\/<\/a>[\/vc_column_text][\/vc_column][vc_column width=&#8221;1\/2&#8243; overflow=&#8221;default&#8221; css=&#8221;.vc_custom_1571223307095{padding: 10% !important;}&#8221;][vc_video link=&#8221;https:\/\/www.youtube.com\/watch?v=hiA7Ky7hcwA&#8221; el_width=&#8221;90&#8243;][vc_gallery type=&#8221;image_grid&#8221; images=&#8221;59,136,137&#8243; img_size=&#8221;200&#215;200&#8243;][\/vc_column][\/vc_row][vc_row full_width=&#8221;stretch_row_content&#8221; equal_height=&#8221;yes&#8221; content_placement=&#8221;middle&#8221; overflow=&#8221;default&#8221; css=&#8221;.vc_custom_1571230453811{background-color: #efefef !important;}&#8221; el_id=&#8221;train&#8221;][vc_column width=&#8221;1\/2&#8243; overflow=&#8221;default&#8221; css=&#8221;.vc_custom_1571223240232{padding: 10% !important;}&#8221;][vc_text_separator title=&#8221;Il piccolo treno di Lourdes&#8221; title_align=&#8221;separator_align_left&#8221; align=&#8221;align_left&#8221; color=&#8221;custom&#8221; border_width=&#8221;2&#8243; accent_color=&#8221;#9c1e1e&#8221; el_class=&#8221;subtitle&#8221;][vc_column_text]<strong>In 45 minuti<\/strong> con il <strong>Trenino di Lourdes<\/strong> potrete effettuare un circuito di 7,5 chilometri attraverso i quartieri antichi, la citt\u00e0 alta e i suoi monumenti.<br \/>\nLungo questo percorso avrete la possibilit\u00e0 di visitare <strong>diversi luoghi turistici a tariffa ridotta grazie al pass \u201cVisa pour Lourdes\u201d.<\/strong>[\/vc_column_text][vc_column_text]<strong>Indirizzo :<\/strong> Place Monseigneur Laurence, 65108 Lourdes<br \/>\n<strong>Telefono :<\/strong> 05 62 97 42 46<br \/>\n<strong>Web Site :<\/strong><a href=\"https:\/\/it.lourdes-infotourisme.com\/web\/IT\/1152-petit-train-touristique.php\" target=\"_blank\" rel=\"noopener noreferrer\">https:\/\/it.lourdes-infotourisme.com<\/a>[\/vc_column_text][\/vc_column][vc_column width=&#8221;1\/2&#8243; overflow=&#8221;default&#8221; css=&#8221;.vc_custom_1571223307095{padding: 10% !important;}&#8221;][vc_video link=&#8221;https:\/\/www.youtube.com\/watch?time_continue=1&amp;v=pDxv2dgBJiM&#8221; el_width=&#8221;90&#8243;][vc_gallery type=&#8221;image_grid&#8221; images=&#8221;146,147,148&#8243; img_size=&#8221;200&#215;200&#8243;][\/vc_column][\/vc_row][vc_row full_width=&#8221;stretch_row_content&#8221; equal_height=&#8221;yes&#8221; content_placement=&#8221;middle&#8221; overflow=&#8221;default&#8221; el_id=&#8221;jer&#8221;][vc_column width=&#8221;1\/2&#8243; overflow=&#8221;default&#8221; css=&#8221;.vc_custom_1571223240232{padding: 10% !important;}&#8221;][vc_text_separator title=&#8221;Funicolare Pic du Jer&#8221; title_align=&#8221;separator_align_left&#8221; align=&#8221;align_left&#8221; color=&#8221;custom&#8221; border_width=&#8221;2&#8243; accent_color=&#8221;#9c1e1e&#8221; el_class=&#8221;subtitle&#8221;][vc_column_text]<strong>Il panorama pi\u00f9 bello dei Pirenei<\/strong> visto da Lourdes. Il Pic du Jer che sovrasta la citt\u00e0 \u00e8 riconoscibile dalla sua enorme croce, illuminata di notte.<br \/>\nPotrete accedervi tramite una funicolare centenaria che in pochi minuti vi condurr\u00e0 alla vetta <strong>a 1000 metri di altitudine<\/strong>; un viaggio affascinante&#8230;<br \/>\nUna volta sulla cima, un sentiero vi condurr\u00e0 fino all\u2019osservatorio; qui scoprirete <strong>un belvedere unico<\/strong> che vi offre <strong>una visione panoramica su Lourdes<\/strong>, Tarbes, Pau, la valle d&#8217;Argel\u00e8s Gazost e le cime pirenaiche.[\/vc_column_text][vc_column_text]<strong>Indirizzo :<\/strong> 59 avenue Francis Lagard\u00e8re, 65108 Lourdes<br \/>\n<strong>Telefono :<\/strong> 05 62 94 00 41<br \/>\n<strong>Web Site :<\/strong> <a href=\"https:\/\/it.lourdes-infotourisme.com\/web\/IT\/2496-pic-du-jer.php\" target=\"_blank\" rel=\"noopener noreferrer\">https:\/\/it.lourdes-infotourisme.com\/web\/IT<\/a>[\/vc_column_text][\/vc_column][vc_column width=&#8221;1\/2&#8243; overflow=&#8221;default&#8221; css=&#8221;.vc_custom_1571223307095{padding: 10% !important;}&#8221;][vc_video link=&#8221;https:\/\/www.youtube.com\/watch?v=zJ4jtXLiqtk&#8221; el_width=&#8221;90&#8243;][vc_gallery type=&#8221;image_grid&#8221; images=&#8221;150,151,152&#8243; img_size=&#8221;200&#215;200&#8243;][\/vc_column][\/vc_row][vc_row full_width=&#8221;stretch_row_content&#8221; equal_height=&#8221;yes&#8221; content_placement=&#8221;middle&#8221; overflow=&#8221;default&#8221; css=&#8221;.vc_custom_1571230469275{background-color: #efefef !important;}&#8221; el_id=&#8221;chateau&#8221;][vc_column width=&#8221;1\/2&#8243; overflow=&#8221;default&#8221; css=&#8221;.vc_custom_1571223240232{padding: 10% !important;}&#8221;][vc_text_separator title=&#8221;Castello Forte di Lourdes&#8221; title_align=&#8221;separator_align_left&#8221; align=&#8221;align_left&#8221; color=&#8221;custom&#8221; border_width=&#8221;2&#8243; accent_color=&#8221;#9c1e1e&#8221; el_class=&#8221;subtitle&#8221;][vc_column_text]<strong>Questa fortezza millenaria<\/strong>, mai conquistata, \u00e8 inserita nel patrimonio storico e museale di Francia. Il sito offre un <strong>panorama eccezionale sulla citt\u00e0, i Santuari e i Pirenei<\/strong>. Le sue mura ospitano anche un <strong>giardino botanico ai piedi del torrione del XIV secolo e il Museo Pirenaico.<\/strong><br \/>\nVisitate le pi\u00f9 importanti collezioni sulla storia dei Pirenei francesi e spagnoli: ceramiche e mobilio del XVIII secolo, capanne di pastori, costumi tradizionali, miniature, pireneismo &#8230;.[\/vc_column_text][vc_column_text]<strong>Indirizzo :<\/strong> 25 rue du Fort, 65108 Lourdes<br \/>\n<strong>Telefono :<\/strong> 05 62 42 37 37<br \/>\n<strong>Web Site :<\/strong> <a href=\"https:\/\/it.lourdes-infotourisme.com\/web\/IT\/1141-chateau-fort-de-lourdes.php\" target=\"_blank\" rel=\"noopener noreferrer\">https:\/\/it.lourdes-infotourisme.com\/web\/IT<\/a>[\/vc_column_text][\/vc_column][vc_column width=&#8221;1\/2&#8243; overflow=&#8221;default&#8221; css=&#8221;.vc_custom_1571223307095{padding: 10% !important;}&#8221;][vc_video link=&#8221;https:\/\/www.youtube.com\/watch?v=xxx-nvcq2Uc&#8221; el_width=&#8221;90&#8243;][vc_gallery type=&#8221;image_grid&#8221; images=&#8221;155,156,157&#8243; img_size=&#8221;200&#215;200&#8243;][\/vc_column][\/vc_row][vc_row full_width=&#8221;stretch_row_content&#8221; equal_height=&#8221;yes&#8221; content_placement=&#8221;middle&#8221; overflow=&#8221;default&#8221; el_id=&#8221;musee&#8221;][vc_column width=&#8221;1\/2&#8243; overflow=&#8221;default&#8221; css=&#8221;.vc_custom_1571223240232{padding: 10% !important;}&#8221;][vc_text_separator title=&#8221;Museo delle cere di Lourdes&#8221; title_align=&#8221;separator_align_left&#8221; align=&#8221;align_left&#8221; color=&#8221;custom&#8221; border_width=&#8221;2&#8243; accent_color=&#8221;#9c1e1e&#8221; el_class=&#8221;subtitle&#8221;][vc_column_text]Con pi\u00f9 di 2.000.000 di visitatori dal momento della sua creazione, il museo &#8220;di cera&#8221; di Lourdes si colloca al primo posto delle attivit\u00e0 turistiche della citt\u00e0.<br \/>\nScoprirete <strong>18 scene e pi\u00f9 di 100 personaggi<\/strong> di cera a grandezza naturale, presentati dai decoratori del prestigioso museo Gr\u00e9vin di Parigi.<br \/>\nScena dopo scena, vivrete la <strong>storia appassionante di Cristo e della vita di Bernadette.<\/strong><br \/>\nUna storia per sempre incisa nella vostra memoria! Perch\u00e9 l\u2019avete vista! Come se voi foste stati l\u00e0.[\/vc_column_text][vc_column_text]<strong>Indirizzo :<\/strong> 87 rue de la Grotte, 65108 Lourdes<br \/>\n<strong>Telefono :<\/strong> 05 62 94 33 74<br \/>\n<strong>Web Site :<\/strong> <a href=\"https:\/\/it.lourdes-infotourisme.com\/web\/IT\/1167-musee-de-cire.php\" target=\"_blank\" rel=\"noopener noreferrer\">https:\/\/it.lourdes-infotourisme.com\/web\/IT<\/a>[\/vc_column_text][\/vc_column][vc_column width=&#8221;1\/2&#8243; overflow=&#8221;default&#8221; css=&#8221;.vc_custom_1571223307095{padding: 10% !important;}&#8221;][vc_video link=&#8221;https:\/\/www.youtube.com\/watch?v=vCSeMhPVluE&#8221; el_width=&#8221;90&#8243;][vc_gallery type=&#8221;image_grid&#8221; images=&#8221;159,160,229&#8243; img_size=&#8221;200&#215;200&#8243;][\/vc_column][\/vc_row][vc_row full_width=&#8221;stretch_row_content&#8221; equal_height=&#8221;yes&#8221; content_placement=&#8221;middle&#8221; overflow=&#8221;default&#8221; css=&#8221;.vc_custom_1571230479576{background-color: #efefef !important;}&#8221; el_id=&#8221;lac&#8221;][vc_column width=&#8221;1\/2&#8243; overflow=&#8221;default&#8221; css=&#8221;.vc_custom_1571223240232{padding: 10% !important;}&#8221;][vc_text_separator title=&#8221;Lago di Lourdes&#8221; title_align=&#8221;separator_align_left&#8221; align=&#8221;align_left&#8221; color=&#8221;custom&#8221; border_width=&#8221;2&#8243; accent_color=&#8221;#9c1e1e&#8221; el_class=&#8221;subtitle&#8221;][vc_column_text]Lago di origine glaciale a 3 km dal centro della citt\u00e0 (direzione Pau tramite Soumoulou). Potrete praticare l<strong>a marcia, mountain bike, pesca e golf<\/strong>. In estate verranno proposte anche <strong>passeggiate a cavallo o pony.<\/strong><\/p>\n<div class=\"jhH5U r-i9dZURlqaM1I\" data-rtid=\"i9dZURlqaM1I\">\n<div id=\"tw-ob\" class=\"tw-src-ltr\">\n<div class=\"oSioSc\">\n<div id=\"tw-target\" class=\"\">\n<div id=\"kAz1tf\" class=\"g9WsWb\">\n<div id=\"tw-target-text-container\" class=\"tw-ta-container tw-nfl\">\n<p id=\"tw-target-text\" class=\"tw-data-text tw-text-large tw-ta\" dir=\"ltr\" data-placeholder=\"Traduction\"><span lang=\"it\" tabindex=\"0\">Per <strong>noleggiare un pedal\u00f2 <\/strong><\/span>: Tel. 0033 (0)5 62 32 50 59<\/p>\n<\/div>\n<\/div>\n<\/div>\n<\/div>\n<\/div>\n<\/div>\n<p>[\/vc_column_text][vc_column_text]<strong>Indirizzo :<\/strong> Chemin du Lac, 65108 Lourdes<br \/>\n<strong>Telefono:<\/strong> 06 52 43 78 97<br \/>\n<strong>Web Site :<\/strong> <a href=\"https:\/\/it.lourdes-infotourisme.com\/web\/IT\/1206-il-lago-di-lourdes.php\" target=\"_blank\" rel=\"noopener noreferrer\">https:\/\/it.lourdes-infotourisme.com\/web\/IT<\/a>[\/vc_column_text][\/vc_column][vc_column width=&#8221;1\/2&#8243; overflow=&#8221;default&#8221; css=&#8221;.vc_custom_1571223307095{padding: 10% !important;}&#8221;][vc_video link=&#8221;https:\/\/www.youtube.com\/watch?v=wMCvJOiA3R8&#8243; el_width=&#8221;90&#8243;][vc_gallery type=&#8221;image_grid&#8221; images=&#8221;162,163,164&#8243; img_size=&#8221;200&#215;200&#8243;][\/vc_column][\/vc_row][vc_row full_width=&#8221;stretch_row_content_no_spaces&#8221; overflow=&#8221;default&#8221; css=&#8221;.vc_custom_1571225383742{padding-top: 100px !important;padding-bottom: 100px !important;background-image: url(http:\/\/angelic.novae.website\/wp-content\/uploads\/2019\/10\/r618704_9_cirque_gavarnie__p._meyer.jpg?id=168) !important;}&#8221;][vc_column][vc_text_separator title=&#8221;Intorno a Lourdes&#8221; color=&#8221;white&#8221; border_width=&#8221;2&#8243; el_width=&#8221;50&#8243; el_class=&#8221;title&#8221;][\/vc_column][\/vc_row][vc_row full_width=&#8221;stretch_row_content&#8221; equal_height=&#8221;yes&#8221; content_placement=&#8221;middle&#8221; overflow=&#8221;default&#8221; el_id=&#8221;grotte&#8221;][vc_column width=&#8221;1\/2&#8243; overflow=&#8221;default&#8221; css=&#8221;.vc_custom_1571223240232{padding: 10% !important;}&#8221;][vc_text_separator title=&#8221;Grottes de Betharam&#8221; title_align=&#8221;separator_align_left&#8221; align=&#8221;align_left&#8221; color=&#8221;custom&#8221; border_width=&#8221;2&#8243; accent_color=&#8221;#9c1e1e&#8221; el_class=&#8221;subtitle&#8221;][vc_column_text]Le Grotte di B\u00e9tharram possiedono, <strong>nella moltitudine dei loro aspetti,<\/strong> informazioni importantissime riguardo <strong>alla formazione di quasi tutte le grotte morte<\/strong> o in piena attivit\u00e0.<br \/>\nComprendono <strong>cinque piani sovrapposti<\/strong> come quelli di una casa, piani che sono stati scavati in periodi diversi.[\/vc_column_text][vc_column_text]<strong>Indirizzo :<\/strong> Chemin des Grottes, 65270 Saint-P\u00e9-de-Bigorre<br \/>\n<strong>Telefono :<\/strong> \u00a005 62 41 80 04<br \/>\n<strong>Web Site :<\/strong> <a href=\"http:\/\/www.betharram.com\/\" target=\"_blank\" rel=\"noopener noreferrer\">www.betharram.com<\/a>[\/vc_column_text][\/vc_column][vc_column width=&#8221;1\/2&#8243; overflow=&#8221;default&#8221; css=&#8221;.vc_custom_1571223307095{padding: 10% !important;}&#8221;][vc_video link=&#8221;https:\/\/www.youtube.com\/watch?v=Wx55wOwvVd4&#8243; el_width=&#8221;90&#8243;][vc_gallery type=&#8221;image_grid&#8221; images=&#8221;172,171,173&#8243; img_size=&#8221;200&#215;200&#8243;][\/vc_column][\/vc_row][vc_row full_width=&#8221;stretch_row_content&#8221; equal_height=&#8221;yes&#8221; content_placement=&#8221;middle&#8221; overflow=&#8221;default&#8221; css=&#8221;.vc_custom_1571230491857{background-color: #efefef !important;}&#8221; el_id=&#8221;cirque&#8221;][vc_column width=&#8221;1\/2&#8243; overflow=&#8221;default&#8221; css=&#8221;.vc_custom_1571223240232{padding: 10% !important;}&#8221;][vc_text_separator title=&#8221;Circo di Gavarnie&#8221; title_align=&#8221;separator_align_left&#8221; align=&#8221;align_left&#8221; color=&#8221;custom&#8221; border_width=&#8221;2&#8243; accent_color=&#8221;#9c1e1e&#8221; el_class=&#8221;subtitle&#8221;][vc_column_text]<\/p>\n<div class=\"chapo\">\n<p>Situato a circa 55 km da Lourdes, il circo glaciale di Gavarnie <strong>\u00e8 un luogo maestoso e sontuoso, un vero fiore all\u2019occhiello del patrimonio naturale dei Pirenei \u2026<\/strong><\/p>\n<\/div>\n<div class=\"text\">\n<p>Il mitico circo di Gavarnie, inserito nel 1997 <strong>nel patrimonio dell\u2019UNESCO<\/strong> per il suo valore naturale e culturale, e i meno noti ma anch\u2019essi <strong>splendidi e impressionanti Estaub\u00e9 e Troumouse costituiscono il fiore all\u2019occhiello paesaggistico e culturale<\/strong> di questi luoghi, senza dubbio i pi\u00f9 famosi dei Pirenei.<\/p>\n<p>Culla del pireneismo, adorato dai romantici, il circo di Gavarnie, con la sua parete che si innalza <strong>fino a 3.248 m (al Pic du Marbor\u00e9)<\/strong>, <strong>la cascata (la pi\u00f9 grande d\u2019Europa) \u00e8 il pi\u00f9 noto<\/strong>. Il complesso maestoso che forma assieme alla Breccia di Orlando (tagliata, si narra, dalla spada del nipote di Carlomagno, Orlando di Roncisvalle) sorprende e suscita da sempre ammirazione. Estaub\u00e9 e Troumouse, pi\u00f9 ad est, sono pi\u00f9 selvaggi, pi\u00f9 idillici ma tuttavia non meno giganteschi. Con delle pareti che si estendono per oltre 10 km e che incastonano <strong>molti laghetti<\/strong>, sono la passione di tutti coloro che cercano l\u2019autenticit\u00e0 della natura e degli uomini che se ne occupano. Semplicemente grandioso\u2026<\/p>\n<\/div>\n<p>[\/vc_column_text][vc_column_text]<strong>Indirizzo : <\/strong>Village de Gavarnie<br \/>\n<strong>Telefono: <\/strong>Tourism office<strong> :<\/strong> 05 62 92 49 10<br \/>\n<strong>Web Site :<\/strong> <a href=\"https:\/\/it.lourdes-infotourisme.com\/web\/IT\/1143-cirque-de-gavarnie.php\" target=\"_blank\" rel=\"noopener noreferrer\">https:\/\/it.lourdes-infotourisme.com\/web\/IT<\/a>[\/vc_column_text][\/vc_column][vc_column width=&#8221;1\/2&#8243; overflow=&#8221;default&#8221; css=&#8221;.vc_custom_1571223307095{padding: 10% !important;}&#8221;][vc_video link=&#8221;https:\/\/www.youtube.com\/watch?v=wpZyOAG3ChE&#8221; el_width=&#8221;90&#8243;][vc_gallery type=&#8221;image_grid&#8221; images=&#8221;168,167,166&#8243; img_size=&#8221;200&#215;200&#8243;][\/vc_column][\/vc_row][vc_row full_width=&#8221;stretch_row_content&#8221; equal_height=&#8221;yes&#8221; content_placement=&#8221;middle&#8221; overflow=&#8221;default&#8221; el_id=&#8221;pont&#8221;][vc_column width=&#8221;1\/2&#8243; overflow=&#8221;default&#8221; css=&#8221;.vc_custom_1571223240232{padding: 10% !important;}&#8221;][vc_text_separator title=&#8221;Pont d&#8217;Espagne&#8221; title_align=&#8221;separator_align_left&#8221; align=&#8221;align_left&#8221; color=&#8221;custom&#8221; border_width=&#8221;2&#8243; accent_color=&#8221;#9c1e1e&#8221; el_class=&#8221;subtitle&#8221;][vc_column_text]<\/p>\n<div class=\"chapo\">\n<p><strong>Alle porte del parco Nazionale dei Pirenei<\/strong>, il Pont d\u2019Espagne (1.496 m) \u00e8 un angolo di natura protetto nel quale scoprirete le<strong> pi\u00f9 belle cascate degli Alti Pirenei.<\/strong><\/p>\n<\/div>\n<div class=\"text\">\n<p>Apre l\u2019accesso a due importanti vallate che meritano di essere esplorate a piedi: <strong>la valle del Marcadau<\/strong>, nella quale le alte praterie lasciano spazio<strong> ad un paesaggio meraviglios<\/strong>o fatto di laghi e vette impegnative, <strong>e la valle di Gaube<\/strong>, con il suo lago raggiungibile anche con la seggiovia. La parte alta della valle che condice al lago \u00e8 sbarrata dal fronte settentrionale del Vignemale, <strong>punto culminante<\/strong> della catena frontaliera con la Spagna.<\/p>\n<\/div>\n<p>[\/vc_column_text][vc_column_text]<strong>Indirizzo : <\/strong>Pont d&#8217;Espagne, Puntas, 65110 Cauterets<br \/>\n<strong>Telefono : <\/strong>Tourism office <strong>:<\/strong> 05 62 92 50 50<br \/>\n<strong>Web Site :<\/strong> <a href=\"https:\/\/it.lourdes-infotourisme.com\/web\/IT\/1180-pont-d-espagne.php\" target=\"_blank\" rel=\"noopener noreferrer\">https:\/\/it.lourdes-infotourisme.com\/web\/IT<\/a>[\/vc_column_text][\/vc_column][vc_column width=&#8221;1\/2&#8243; overflow=&#8221;default&#8221; css=&#8221;.vc_custom_1571223307095{padding: 10% !important;}&#8221;][vc_video link=&#8221;https:\/\/www.youtube.com\/watch?v=mh7uYvYAqSc&amp;t=3s&#8221; el_width=&#8221;90&#8243;][vc_gallery type=&#8221;image_grid&#8221; images=&#8221;177,176,178&#8243; img_size=&#8221;200&#215;200&#8243;][\/vc_column][\/vc_row]<\/p>\n<\/div>","protected":false},"excerpt":{"rendered":"<p>[vc_row full_width=&#8221;stretch_row_content_no_spaces&#8221; overflow=&#8221;default&#8221; css=&#8221;.vc_custom_1733757068693{padding-top: 175px !important;padding-bottom: 50px !important;background-position: center !important;background-repeat: no-repeat !important;background-size: cover !important;}&#8221;][vc_column][vc_text_separator title=&#8221;Visitare Lourdes&#8221; color=&#8221;white&#8221; border_width=&#8221;2&#8243; el_width=&#8221;50&#8243; el_class=&#8221;title&#8221;][\/vc_column][\/vc_row][vc_row full_width=&#8221;stretch_row_content&#8221; equal_height=&#8221;yes&#8221; content_placement=&#8221;middle&#8221; overflow=&#8221;default&#8221; el_id=&#8221;sanctuaire&#8221;][vc_column width=&#8221;1\/2&#8243; overflow=&#8221;default&#8221; css=&#8221;.vc_custom_1571223240232{padding: 10% !important;}&#8221;][vc_text_separator title=&#8221;Il Sanctuario Notre Dame Di Lourdes&#8221; title_align=&#8221;separator_align_left&#8221; align=&#8221;align_left&#8221; color=&#8221;custom&#8221; border_width=&#8221;2&#8243; accent_color=&#8221;#9c1e1e&#8221; el_class=&#8221;subtitle&#8221;][vc_column_text]Il Santuario Notre Dame&#8230;<\/p>\n","protected":false},"author":1,"featured_media":0,"parent":0,"menu_order":0,"comment_status":"closed","ping_status":"closed","template":"","meta":{"footnotes":""},"class_list":["post-488","page","type-page","status-publish","hentry"],"_links":{"self":[{"href":"https:\/\/www.hotel-angelic.com\/it\/wp-json\/wp\/v2\/pages\/488","targetHints":{"allow":["GET"]}}],"collection":[{"href":"https:\/\/www.hotel-angelic.com\/it\/wp-json\/wp\/v2\/pages"}],"about":[{"href":"https:\/\/www.hotel-angelic.com\/it\/wp-json\/wp\/v2\/types\/page"}],"author":[{"embeddable":true,"href":"https:\/\/www.hotel-angelic.com\/it\/wp-json\/wp\/v2\/users\/1"}],"replies":[{"embeddable":true,"href":"https:\/\/www.hotel-angelic.com\/it\/wp-json\/wp\/v2\/comments?post=488"}],"version-history":[{"count":24,"href":"https:\/\/www.hotel-angelic.com\/it\/wp-json\/wp\/v2\/pages\/488\/revisions"}],"predecessor-version":[{"id":1618,"href":"https:\/\/www.hotel-angelic.com\/it\/wp-json\/wp\/v2\/pages\/488\/revisions\/1618"}],"wp:attachment":[{"href":"https:\/\/www.hotel-angelic.com\/it\/wp-json\/wp\/v2\/media?parent=488"}],"curies":[{"name":"wp","href":"https:\/\/api.w.org\/{rel}","templated":true}]}}